{"id":5789,"date":"2025-05-19T12:06:42","date_gmt":"2025-05-19T10:06:42","guid":{"rendered":"https:\/\/www.laboitedejeu.fr\/?page_id=5789"},"modified":"2026-01-08T11:16:41","modified_gmt":"2026-01-08T10:16:41","slug":"butterfly-effect-alter-ego","status":"publish","type":"page","link":"https:\/\/www.laboitedejeu.fr\/en\/butterfly-effect-alter-ego\/","title":{"rendered":"Butterfly Effect &#8211; Alter Ego"},"content":{"rendered":"<p><img loading=\"lazy\" class=\"aligncenter wp-image-6212 size-full\" src=\"https:\/\/www.laboitedejeu.fr\/wp-content\/uploads\/2025\/10\/BUT-LOGO-Black.png\" alt=\"\" width=\"1147\" height=\"811\" srcset=\"https:\/\/www.laboitedejeu.fr\/wp-content\/uploads\/2025\/10\/BUT-LOGO-Black.png 1147w, https:\/\/www.laboitedejeu.fr\/wp-content\/uploads\/2025\/10\/BUT-LOGO-Black-300x212.png 300w, https:\/\/www.laboitedejeu.fr\/wp-content\/uploads\/2025\/10\/BUT-LOGO-Black-1024x724.png 1024w, https:\/\/www.laboitedejeu.fr\/wp-content\/uploads\/2025\/10\/BUT-LOGO-Black-768x543.png 768w, https:\/\/www.laboitedejeu.fr\/wp-content\/uploads\/2025\/10\/BUT-LOGO-Black-495x350.png 495w, https:\/\/www.laboitedejeu.fr\/wp-content\/uploads\/2025\/10\/BUT-LOGO-Black-270x191.png 270w, https:\/\/www.laboitedejeu.fr\/wp-content\/uploads\/2025\/10\/BUT-LOGO-Black-424x300.png 424w\" sizes=\"(max-width: 1147px) 100vw, 1147px\" \/><\/p>\n<p>&nbsp;<\/p>\n<p><em>Incarnez William Brown, un employ\u00e9 de bureau sans histoires qui, la nuit tomb\u00e9e, devient Electrob, super-vilain de seconde zone propuls\u00e9 malgr\u00e9 lui dans une boucle temporelle. Dans un monde o\u00f9 les Supers sont interdits, William cherche seulement \u00e0 savoir qui il est !<\/em><\/p>\n<p>&nbsp;<\/p>\n<h2>How to play?<\/h2>\n<p>&nbsp;<\/p>\n<p class=\"p1\"><span class=\"s1\"><img loading=\"lazy\" class=\"alignright wp-image-6204\" src=\"https:\/\/www.laboitedejeu.fr\/wp-content\/uploads\/2025\/10\/Setup-2-1024x1024.png\" alt=\"\" width=\"600\" height=\"600\" srcset=\"https:\/\/www.laboitedejeu.fr\/wp-content\/uploads\/2025\/10\/Setup-2-1024x1024.png 1024w, https:\/\/www.laboitedejeu.fr\/wp-content\/uploads\/2025\/10\/Setup-2-300x300.png 300w, https:\/\/www.laboitedejeu.fr\/wp-content\/uploads\/2025\/10\/Setup-2-150x150.png 150w, https:\/\/www.laboitedejeu.fr\/wp-content\/uploads\/2025\/10\/Setup-2-768x768.png 768w, https:\/\/www.laboitedejeu.fr\/wp-content\/uploads\/2025\/10\/Setup-2-350x350.png 350w, https:\/\/www.laboitedejeu.fr\/wp-content\/uploads\/2025\/10\/Setup-2-270x270.png 270w, https:\/\/www.laboitedejeu.fr\/wp-content\/uploads\/2025\/10\/Setup-2-230x230.png 230w, https:\/\/www.laboitedejeu.fr\/wp-content\/uploads\/2025\/10\/Setup-2.png 1181w\" sizes=\"(max-width: 600px) 100vw, 600px\" \/><\/span><\/p>\n<p>D\u00e9couvrez la premi\u00e8re aventure de la gamme BUTTERFLY EFFECT : <em>Alter Ego<\/em> !<\/p>\n<p><strong>Butterfly Effect<\/strong> est un jeu narratif et coop\u00e9ratif dont la m\u00e9canique principale repose sur le choix. Tout au long de votre aventure, vous traverserez diff\u00e9rentes \u00c8res (temporelles ou g\u00e9ographiques). Chacune d\u2019elles vous proposera diverses Actions \u00e0 accomplir : \u00e0 vous d\u2019utiliser vos jetons Action pour les r\u00e9aliser et fa\u00e7onner votre personnage. Chaque sc\u00e9nario introduit ses propres m\u00e9caniques renouvelant ainsi l\u2019exp\u00e9rience Butterfly Effect.<\/p>\n<p>Dans Alter Ego, vous incarnez William Brown, un employ\u00e9 de bureau sans histoires qui, la nuit tomb\u00e9e, devient Electrob 2, super-vilain de seconde zone, propuls\u00e9 malgr\u00e9 lui dans une boucle temporelle. Prisonnier de cette boucle, explorez vos options, mourez, recommencez et accumulez du Savoir pour progresser dans l\u2019aventure&#8230; jusqu\u2019\u00e0 atteindre l\u2019une des 7 fins possibles. Quel William Brown serez-vous ?!<\/p>\n<p>\u00c0 vous de jouer, maintenant. Mais n\u2019oubliez pas\u2026<\/p>\n<p><strong>Et si un simple choix pouvait tout changer ?<\/strong><\/p>\n<p>&nbsp;<\/p>\n<h2><\/h2>\n<h2>Info<\/h2>\n<p><img loading=\"lazy\" class=\"alignleft wp-image-6202\" src=\"https:\/\/www.laboitedejeu.fr\/wp-content\/uploads\/2025\/10\/BUT-FR-ALT_FrontRight.png\" alt=\"\" width=\"496\" height=\"700\" srcset=\"https:\/\/www.laboitedejeu.fr\/wp-content\/uploads\/2025\/10\/BUT-FR-ALT_FrontRight.png 821w, https:\/\/www.laboitedejeu.fr\/wp-content\/uploads\/2025\/10\/BUT-FR-ALT_FrontRight-213x300.png 213w, https:\/\/www.laboitedejeu.fr\/wp-content\/uploads\/2025\/10\/BUT-FR-ALT_FrontRight-726x1024.png 726w, https:\/\/www.laboitedejeu.fr\/wp-content\/uploads\/2025\/10\/BUT-FR-ALT_FrontRight-768x1083.png 768w, https:\/\/www.laboitedejeu.fr\/wp-content\/uploads\/2025\/10\/BUT-FR-ALT_FrontRight-248x350.png 248w, https:\/\/www.laboitedejeu.fr\/wp-content\/uploads\/2025\/10\/BUT-FR-ALT_FrontRight-191x270.png 191w\" sizes=\"(max-width: 496px) 100vw, 496px\" \/><\/p>\n<p>&nbsp;<\/p>\n<p>&nbsp;<\/p>\n<p>&nbsp;<\/p>\n<p>&nbsp;<\/p>\n<ul>\n<li>1 \u00e0 6 joueurs<\/li>\n<li>12 ans et plus<\/li>\n<li>90 minutes<\/li>\n<li>Auteur : Quentin Guidotti<\/li>\n<li>Illustrateur : Gong Studios<\/li>\n<li>Disponibilit\u00e9 : Octobre 2025<\/li>\n<li>\u00c9diteur : La Boite de Jeu<\/li>\n<li>Distributeur : Blackrock Games<\/li>\n<li>Prix public conseill\u00e9 : 20\u20ac<\/li>\n<\/ul>\n<h2><\/h2>\n<h2><\/h2>\n<h2><\/h2>\n<h2><\/h2>\n<h2><\/h2>\n<h2><\/h2>\n<h2><\/h2>\n<h2>Contents<\/h2>\n<p>\u2022 1 livret de Sc\u00e9nario<br \/>\n\u2022 49 cartes Exploration<br \/>\n\u2022 35 cartes Fragment<br \/>\n\u2022 1 plateau Jauges<br \/>\n\u2022 3 curseurs de Jauge<br \/>\n\u2022 1 d\u00e9<br \/>\n\u2022 16 jetons<br \/>\n\u2022 2 planches de stickers<br \/>\n\u2022 1 livret de r\u00e8gles<\/p>\n<div class=\"page\" title=\"Page 2\">\n<div class=\"section\">\n<div class=\"layoutArea\">\n<h2>Rules<\/h2>\n<ul>\n<li><a href=\"https:\/\/www.laboitedejeu.fr\/wp-content\/uploads\/2025\/10\/BUT-ALT-FR-RULEBOOK-LIGHT.pdf\">Livret de r\u00e8gles en Fran\u00e7ais<\/a><\/li>\n<\/ul>\n<\/div>\n<\/div>\n<\/div>\n<h2>FAQ<\/h2>\n<p><strong>Mes cartes Exploration et Fragment sont dans le d\u00e9sordre, que faire ?\u00a0<\/strong><\/p>\n<p>Si vous constatez que vos cartes sont dans le d\u00e9sordre. Pas d\u2019inqui\u00e9tude : il n\u2019y a aucun risque de spoil ! Il vous suffit d\u2019utiliser la num\u00e9rotation situ\u00e9e en bas \u00e0 droite de vos cartes pour les remettre dans le bon ordre (dans l\u2019ordre croissant, de 1 \u00e0 49 pour les cartes Exploration et de 1 \u00e0 35 pour les cartes Fragment).<\/p>\n<p><img loading=\"lazy\" class=\"alignleft wp-image-6257\" src=\"https:\/\/www.laboitedejeu.fr\/wp-content\/uploads\/2025\/11\/BUT-ALT-card-order-300x175.png\" alt=\"\" width=\"500\" height=\"292\" srcset=\"https:\/\/www.laboitedejeu.fr\/wp-content\/uploads\/2025\/11\/BUT-ALT-card-order-300x175.png 300w, https:\/\/www.laboitedejeu.fr\/wp-content\/uploads\/2025\/11\/BUT-ALT-card-order-768x448.png 768w, https:\/\/www.laboitedejeu.fr\/wp-content\/uploads\/2025\/11\/BUT-ALT-card-order-599x350.png 599w, https:\/\/www.laboitedejeu.fr\/wp-content\/uploads\/2025\/11\/BUT-ALT-card-order-270x158.png 270w, https:\/\/www.laboitedejeu.fr\/wp-content\/uploads\/2025\/11\/BUT-ALT-card-order-514x300.png 514w, https:\/\/www.laboitedejeu.fr\/wp-content\/uploads\/2025\/11\/BUT-ALT-card-order.png 942w\" sizes=\"(max-width: 500px) 100vw, 500px\" \/><\/p>\n<h2><\/h2>\n<h2><\/h2>\n<h2><\/h2>\n<h2><\/h2>\n<h2><\/h2>\n<p>&nbsp;<\/p>\n<p><strong>D\u00e9fausser une carte Exploration \/ un Jeton \/ une carte Fragment :<\/strong><\/p>\n<p>Il peut arriver que le jeu (via le livret, le plus souvent) vous demande de &#8220;D\u00e9fausser&#8221; une carte ou un jeton. Cela signifie bien (sauf indication express\u00e9ment contraire) qu&#8217;on peut remettre l&#8217;\u00e9l\u00e9ment correspondant dans la boite du jeu, jusqu&#8217;\u00e0 la fin de la partie. Si vous deviez remettre en place une \u00c8re concern\u00e9e par une carte Exploration d\u00e9fauss\u00e9e, faites-le en remettant toutes les cartes, sauf celles d\u00e9fauss\u00e9es.<\/p>\n<p>&nbsp;<\/p>\n<p><strong>Plus d\u2019action disponible \u00e0 l\u2019\u00e8re 5B ?<\/strong><\/p>\n<p>Si vous n\u2019avez plus d\u2019Action disponible \u00e0 l\u2019\u00e8re 5B, rendez-vous imm\u00e9diatement au chapitre 86. Le gouvernement vous surveille depuis un moment\u2026 vous \u00eates dans de sales draps !<\/p>\n<p>&nbsp;<\/p>\n<h2><\/h2>\n<h2>PressKit<\/h2>\n<p>\n\t\t<div id='gallery-2' class='gallery galleryid-5789 gallery-columns-4 gallery-size-medium gallery1'><script type=\"text\/javascript\">\r\n\/\/ <![CDATA[\r\n\tjQuery(document).ready(function () {\r\n\t\tjQuery(\".gallery1 a\").attr(\"rel\",\"gallery1\");\t\r\n\t\tjQuery('a[rel=\"gallery1\"]').colorbox({maxWidth:\"95%\", maxHeight:\"95%\",title: function(){ return jQuery(this).children().attr(\"alt\"); }, });\r\n\t});\r\n\/\/ ]]>\r\n<\/script>\n<figure class=\"gallery-item\">\n<div class=\"gallery-icon\">\r\n<a href=\"https:\/\/www.laboitedejeu.fr\/wp-content\/uploads\/2025\/10\/BUT-FR-ALT_FrontRight-726x1024.png\" title=\"\" rel=\"gallery1\"><img src=\"https:\/\/www.laboitedejeu.fr\/wp-content\/uploads\/2025\/10\/BUT-FR-ALT_FrontRight-213x300.png\" width=\"213\" height=\"300\" alt=\"\" \/><\/a>\r\n<\/div><\/figure><figure class=\"gallery-item\">\n<div class=\"gallery-icon\">\r\n<a href=\"https:\/\/www.laboitedejeu.fr\/wp-content\/uploads\/2025\/10\/BUT-LOGO-1024x740.png\" title=\"\" rel=\"gallery1\"><img src=\"https:\/\/www.laboitedejeu.fr\/wp-content\/uploads\/2025\/10\/BUT-LOGO-300x217.png\" width=\"300\" height=\"217\" alt=\"\" \/><\/a>\r\n<\/div><\/figure><figure class=\"gallery-item\">\n<div class=\"gallery-icon\">\r\n<a href=\"https:\/\/www.laboitedejeu.fr\/wp-content\/uploads\/2025\/10\/BUT-FR-ALT_BackRight-727x1024.png\" title=\"\" rel=\"gallery1\"><img src=\"https:\/\/www.laboitedejeu.fr\/wp-content\/uploads\/2025\/10\/BUT-FR-ALT_BackRight-213x300.png\" width=\"213\" height=\"300\" alt=\"\" \/><\/a>\r\n<\/div><\/figure><figure class=\"gallery-item\">\n<div class=\"gallery-icon\">\r\n<a href=\"https:\/\/www.laboitedejeu.fr\/wp-content\/uploads\/2025\/10\/BUT-LOGO-Black-1024x724.png\" title=\"\" rel=\"gallery1\"><img src=\"https:\/\/www.laboitedejeu.fr\/wp-content\/uploads\/2025\/10\/BUT-LOGO-Black-300x212.png\" width=\"300\" height=\"212\" alt=\"\" \/><\/a>\r\n<\/div><\/figure><figure class=\"gallery-item\">\n<div class=\"gallery-icon\">\r\n<a href=\"https:\/\/www.laboitedejeu.fr\/wp-content\/uploads\/2025\/10\/BUT-FR-ALT_FrontLeft-726x1024.png\" title=\"\" rel=\"gallery1\"><img src=\"https:\/\/www.laboitedejeu.fr\/wp-content\/uploads\/2025\/10\/BUT-FR-ALT_FrontLeft-213x300.png\" width=\"213\" height=\"300\" alt=\"\" \/><\/a>\r\n<\/div><\/figure><figure class=\"gallery-item\">\n<div class=\"gallery-icon\">\r\n<a href=\"https:\/\/www.laboitedejeu.fr\/wp-content\/uploads\/2025\/10\/BUT-FR-ALT_BackLeft-727x1024.png\" title=\"\" rel=\"gallery1\"><img src=\"https:\/\/www.laboitedejeu.fr\/wp-content\/uploads\/2025\/10\/BUT-FR-ALT_BackLeft-213x300.png\" width=\"213\" height=\"300\" alt=\"\" \/><\/a>\r\n<\/div><\/figure><figure class=\"gallery-item\">\n<div class=\"gallery-icon\">\r\n<a href=\"https:\/\/www.laboitedejeu.fr\/wp-content\/uploads\/2025\/10\/BUT-ALT-FR_FRAGMENT-CARDS-02-733x1024.png\" title=\"\" rel=\"gallery1\"><img src=\"https:\/\/www.laboitedejeu.fr\/wp-content\/uploads\/2025\/10\/BUT-ALT-FR_FRAGMENT-CARDS-02-215x300.png\" width=\"215\" height=\"300\" alt=\"\" \/><\/a>\r\n<\/div><\/figure><figure class=\"gallery-item\">\n<div class=\"gallery-icon\">\r\n<a href=\"https:\/\/www.laboitedejeu.fr\/wp-content\/uploads\/2025\/10\/BUT-ALT-FR_FRAGMENT-CARDS-01-733x1024.png\" title=\"\" rel=\"gallery1\"><img src=\"https:\/\/www.laboitedejeu.fr\/wp-content\/uploads\/2025\/10\/BUT-ALT-FR_FRAGMENT-CARDS-01-215x300.png\" width=\"215\" height=\"300\" alt=\"\" \/><\/a>\r\n<\/div><\/figure><figure class=\"gallery-item\">\n<div class=\"gallery-icon\">\r\n<a href=\"https:\/\/www.laboitedejeu.fr\/wp-content\/uploads\/2025\/10\/BUT-ALT-FR_EXPLORATION-CARDS-04-683x1024.png\" title=\"\" rel=\"gallery1\"><img src=\"https:\/\/www.laboitedejeu.fr\/wp-content\/uploads\/2025\/10\/BUT-ALT-FR_EXPLORATION-CARDS-04-200x300.png\" width=\"200\" height=\"300\" alt=\"\" \/><\/a>\r\n<\/div><\/figure><figure class=\"gallery-item\">\n<div class=\"gallery-icon\">\r\n<a href=\"https:\/\/www.laboitedejeu.fr\/wp-content\/uploads\/2025\/10\/BUT-ALT-FR_EXPLORATION-CARDS-03-683x1024.png\" title=\"\" rel=\"gallery1\"><img src=\"https:\/\/www.laboitedejeu.fr\/wp-content\/uploads\/2025\/10\/BUT-ALT-FR_EXPLORATION-CARDS-03-200x300.png\" width=\"200\" height=\"300\" alt=\"\" \/><\/a>\r\n<\/div><\/figure><figure class=\"gallery-item\">\n<div class=\"gallery-icon\">\r\n<a href=\"https:\/\/www.laboitedejeu.fr\/wp-content\/uploads\/2025\/10\/BUT-ALT-FR_EXPLORATION-CARDS-02-683x1024.png\" title=\"\" rel=\"gallery1\"><img src=\"https:\/\/www.laboitedejeu.fr\/wp-content\/uploads\/2025\/10\/BUT-ALT-FR_EXPLORATION-CARDS-02-200x300.png\" width=\"200\" height=\"300\" alt=\"\" \/><\/a>\r\n<\/div><\/figure><figure class=\"gallery-item\">\n<div class=\"gallery-icon\">\r\n<a href=\"https:\/\/www.laboitedejeu.fr\/wp-content\/uploads\/2025\/10\/BUT-ALT-FR_EXPLORATION-CARDS-01-1024x758.png\" title=\"\" rel=\"gallery1\"><img src=\"https:\/\/www.laboitedejeu.fr\/wp-content\/uploads\/2025\/10\/BUT-ALT-FR_EXPLORATION-CARDS-01-300x222.png\" width=\"300\" height=\"222\" alt=\"\" \/><\/a>\r\n<\/div><\/figure><figure class=\"gallery-item\">\n<div class=\"gallery-icon\">\r\n<a href=\"https:\/\/www.laboitedejeu.fr\/wp-content\/uploads\/2025\/10\/BUT-ALT-FR-BOX-back-745x1024.png\" title=\"\" rel=\"gallery1\"><img src=\"https:\/\/www.laboitedejeu.fr\/wp-content\/uploads\/2025\/10\/BUT-ALT-FR-BOX-back-218x300.png\" width=\"218\" height=\"300\" alt=\"\" \/><\/a>\r\n<\/div><\/figure><figure class=\"gallery-item\">\n<div class=\"gallery-icon\">\r\n<a href=\"https:\/\/www.laboitedejeu.fr\/wp-content\/uploads\/2025\/10\/Setup-2-1024x1024.png\" title=\"\" rel=\"gallery1\"><img src=\"https:\/\/www.laboitedejeu.fr\/wp-content\/uploads\/2025\/10\/Setup-2-300x300.png\" width=\"300\" height=\"300\" alt=\"\" \/><\/a>\r\n<\/div><\/figure><figure class=\"gallery-item\">\n<div class=\"gallery-icon\">\r\n<a href=\"https:\/\/www.laboitedejeu.fr\/wp-content\/uploads\/2025\/10\/Jauge-Max.png\" title=\"\" rel=\"gallery1\"><img src=\"https:\/\/www.laboitedejeu.fr\/wp-content\/uploads\/2025\/10\/Jauge-Max-300x300.png\" width=\"300\" height=\"300\" alt=\"\" \/><\/a>\r\n<\/div><\/figure><figure class=\"gallery-item\">\n<div class=\"gallery-icon\">\r\n<a href=\"https:\/\/www.laboitedejeu.fr\/wp-content\/uploads\/2025\/10\/BUT-ALT-FR-BOX-front-745x1024.png\" title=\"\" rel=\"gallery1\"><img src=\"https:\/\/www.laboitedejeu.fr\/wp-content\/uploads\/2025\/10\/BUT-ALT-FR-BOX-front-218x300.png\" width=\"218\" height=\"300\" alt=\"\" \/><\/a>\r\n<\/div><\/figure>\r\n\t\t<\/div>\n<\/p>","protected":false},"excerpt":{"rendered":"<p>&nbsp; Incarnez William Brown, un employ\u00e9 de bureau sans histoires qui, la nuit tomb\u00e9e, devient Electrob, super-vilain de seconde zone propuls\u00e9 malgr\u00e9 lui dans une boucle temporelle. Dans un monde o\u00f9 les Supers sont interdits, William cherche seulement \u00e0 savoir qui il est ! &nbsp; How to play? &nbsp; D\u00e9couvrez la premi\u00e8re aventure de la gamme BUTTERFLY EFFECT : Alter Ego ! Butterfly Effect est un jeu narratif et coop\u00e9ratif dont la m\u00e9canique principale repose sur le choix. Tout au long de votre aventure, vous traverserez diff\u00e9rentes \u00c8res (temporelles ou g\u00e9ographiques). Chacune d\u2019elles vous proposera diverses Actions \u00e0 accomplir :<\/p>\n","protected":false},"author":16415,"featured_media":6202,"parent":0,"menu_order":0,"comment_status":"closed","ping_status":"closed","template":"","meta":[],"_links":{"self":[{"href":"https:\/\/www.laboitedejeu.fr\/en\/wp-json\/wp\/v2\/pages\/5789"}],"collection":[{"href":"https:\/\/www.laboitedejeu.fr\/en\/wp-json\/wp\/v2\/pages"}],"about":[{"href":"https:\/\/www.laboitedejeu.fr\/en\/wp-json\/wp\/v2\/types\/page"}],"author":[{"embeddable":true,"href":"https:\/\/www.laboitedejeu.fr\/en\/wp-json\/wp\/v2\/users\/16415"}],"replies":[{"embeddable":true,"href":"https:\/\/www.laboitedejeu.fr\/en\/wp-json\/wp\/v2\/comments?post=5789"}],"version-history":[{"count":8,"href":"https:\/\/www.laboitedejeu.fr\/en\/wp-json\/wp\/v2\/pages\/5789\/revisions"}],"predecessor-version":[{"id":6730,"href":"https:\/\/www.laboitedejeu.fr\/en\/wp-json\/wp\/v2\/pages\/5789\/revisions\/6730"}],"wp:featuredmedia":[{"embeddable":true,"href":"https:\/\/www.laboitedejeu.fr\/en\/wp-json\/wp\/v2\/media\/6202"}],"wp:attachment":[{"href":"https:\/\/www.laboitedejeu.fr\/en\/wp-json\/wp\/v2\/media?parent=5789"}],"curies":[{"name":"wp","href":"https:\/\/api.w.org\/{rel}","templated":true}]}}