{"id":3708,"date":"2021-09-15T16:44:38","date_gmt":"2021-09-15T14:44:38","guid":{"rendered":"https:\/\/www.laboitedejeu.fr\/?page_id=3708"},"modified":"2021-10-07T16:07:38","modified_gmt":"2021-10-07T14:07:38","slug":"ks9-disponibilite","status":"publish","type":"page","link":"https:\/\/www.laboitedejeu.fr\/en\/ks9-disponibilite\/","title":{"rendered":"(Fran\u00e7ais) Kickstarter : It&#8217;s a Wonderful Kingdom &#8211; Disponibilit\u00e9 des r\u00e9compenses dans les boutiques partenaires"},"content":{"rendered":"<p class=\"qtranxs-available-languages-message qtranxs-available-languages-message-en\">Sorry, this entry is only available in <a href=\"https:\/\/www.laboitedejeu.fr\/fr\/wp-json\/wp\/v2\/pages\/3708\" class=\"qtranxs-available-language-link qtranxs-available-language-link-fr\" title=\"Fran\u00e7ais\">French<\/a>.<\/p>","protected":false},"excerpt":{"rendered":"<p>Sorry, this entry is only available in French.<\/p>\n","protected":false},"author":673,"featured_media":0,"parent":0,"menu_order":0,"comment_status":"closed","ping_status":"closed","template":"","meta":[],"_links":{"self":[{"href":"https:\/\/www.laboitedejeu.fr\/en\/wp-json\/wp\/v2\/pages\/3708"}],"collection":[{"href":"https:\/\/www.laboitedejeu.fr\/en\/wp-json\/wp\/v2\/pages"}],"about":[{"href":"https:\/\/www.laboitedejeu.fr\/en\/wp-json\/wp\/v2\/types\/page"}],"author":[{"embeddable":true,"href":"https:\/\/www.laboitedejeu.fr\/en\/wp-json\/wp\/v2\/users\/673"}],"replies":[{"embeddable":true,"href":"https:\/\/www.laboitedejeu.fr\/en\/wp-json\/wp\/v2\/comments?post=3708"}],"version-history":[{"count":28,"href":"https:\/\/www.laboitedejeu.fr\/en\/wp-json\/wp\/v2\/pages\/3708\/revisions"}],"predecessor-version":[{"id":3710,"href":"https:\/\/www.laboitedejeu.fr\/en\/wp-json\/wp\/v2\/pages\/3708\/revisions\/3710"}],"wp:attachment":[{"href":"https:\/\/www.laboitedejeu.fr\/en\/wp-json\/wp\/v2\/media?parent=3708"}],"curies":[{"name":"wp","href":"https:\/\/api.w.org\/{rel}","templated":true}]}}