{"id":204,"date":"2017-08-30T16:23:39","date_gmt":"2017-08-30T14:23:39","guid":{"rendered":"https:\/\/www.laboitedejeu.fr\/?page_id=204"},"modified":"2022-06-14T14:44:13","modified_gmt":"2022-06-14T12:44:13","slug":"ilos","status":"publish","type":"page","link":"https:\/\/www.laboitedejeu.fr\/en\/ilos\/","title":{"rendered":"Il\u00f4s"},"content":{"rendered":"<p><a href=\"https:\/\/www.laboitedejeu.fr\/wp-content\/uploads\/2017\/08\/Ilos-logo-300dpi.png\" rel=\"lightbox\"><img loading=\"lazy\" class=\"aligncenter size-medium wp-image-216\" src=\"https:\/\/www.laboitedejeu.fr\/wp-content\/uploads\/2017\/08\/Ilos-logo-300dpi-300x204.png\" alt=\"ilos logo\" width=\"300\" height=\"204\" srcset=\"https:\/\/www.laboitedejeu.fr\/wp-content\/uploads\/2017\/08\/Ilos-logo-300dpi-300x204.png 300w, https:\/\/www.laboitedejeu.fr\/wp-content\/uploads\/2017\/08\/Ilos-logo-300dpi-768x522.png 768w, https:\/\/www.laboitedejeu.fr\/wp-content\/uploads\/2017\/08\/Ilos-logo-300dpi-1024x697.png 1024w, https:\/\/www.laboitedejeu.fr\/wp-content\/uploads\/2017\/08\/Ilos-logo-300dpi-515x350.png 515w, https:\/\/www.laboitedejeu.fr\/wp-content\/uploads\/2017\/08\/Ilos-logo-300dpi-270x184.png 270w, https:\/\/www.laboitedejeu.fr\/wp-content\/uploads\/2017\/08\/Ilos-logo-300dpi-441x300.png 441w, https:\/\/www.laboitedejeu.fr\/wp-content\/uploads\/2017\/08\/Ilos-logo-300dpi.png 1307w\" sizes=\"(max-width: 300px) 100vw, 300px\" \/><\/a><\/p>\n<p><em>The new archipelago of Il\u00f4s awaits you, with its virgin islands full of resources. Move your ships, build exploitations and raise the prices of the right resources to become the richest merchant!<\/em><\/p>\n<h2 class=\"cl\">How to play?<\/h2>\n<p><a href=\"https:\/\/www.laboitedejeu.fr\/wp-content\/uploads\/2017\/08\/ilos-3d-300dpi.png\" rel=\"lightbox\"><img loading=\"lazy\" class=\"alignright size-medium wp-image-206\" src=\"https:\/\/www.laboitedejeu.fr\/wp-content\/uploads\/2017\/08\/ilos-3d-300dpi-300x169.png\" alt=\"Il\u00f4s vue du jeu\" width=\"300\" height=\"169\" srcset=\"https:\/\/www.laboitedejeu.fr\/wp-content\/uploads\/2017\/08\/ilos-3d-300dpi-300x169.png 300w, https:\/\/www.laboitedejeu.fr\/wp-content\/uploads\/2017\/08\/ilos-3d-300dpi-768x432.png 768w, https:\/\/www.laboitedejeu.fr\/wp-content\/uploads\/2017\/08\/ilos-3d-300dpi-1024x576.png 1024w, https:\/\/www.laboitedejeu.fr\/wp-content\/uploads\/2017\/08\/ilos-3d-300dpi-622x350.png 622w, https:\/\/www.laboitedejeu.fr\/wp-content\/uploads\/2017\/08\/ilos-3d-300dpi-270x152.png 270w, https:\/\/www.laboitedejeu.fr\/wp-content\/uploads\/2017\/08\/ilos-3d-300dpi-533x300.png 533w\" sizes=\"(max-width: 300px) 100vw, 300px\" \/><\/a><\/p>\n<p>Ilo\u0302s is a game of hand of cards optimization, meeples placement and resources management. The rules are easy to learn, but the game has depth and needs strategy and tactics. The players discover the islands of the archipelago little by little, and settle to produce spices, pigments, ebony or gold. Although all the settlements are visible, the resources you&#8217;ve earned are hidden. You can increase the price for each resource, but it will cost one of your own. Be smart and be sure to increase the value of the resource you think you have the most!<\/p>\n<h2>Specifications<\/h2>\n<p><a href=\"https:\/\/www.laboitedejeu.fr\/wp-content\/uploads\/2017\/08\/ilos-packshot-300dpi.png\" rel=\"lightbox\"><img loading=\"lazy\" class=\"alignleft size-medium wp-image-210\" src=\"https:\/\/www.laboitedejeu.fr\/wp-content\/uploads\/2017\/08\/ilos-packshot-300dpi-212x300.png\" alt=\"Ilos packshot 3d\" width=\"212\" height=\"300\" srcset=\"https:\/\/www.laboitedejeu.fr\/wp-content\/uploads\/2017\/08\/ilos-packshot-300dpi-212x300.png 212w, https:\/\/www.laboitedejeu.fr\/wp-content\/uploads\/2017\/08\/ilos-packshot-300dpi-768x1088.png 768w, https:\/\/www.laboitedejeu.fr\/wp-content\/uploads\/2017\/08\/ilos-packshot-300dpi-723x1024.png 723w, https:\/\/www.laboitedejeu.fr\/wp-content\/uploads\/2017\/08\/ilos-packshot-300dpi-247x350.png 247w, https:\/\/www.laboitedejeu.fr\/wp-content\/uploads\/2017\/08\/ilos-packshot-300dpi-191x270.png 191w, https:\/\/www.laboitedejeu.fr\/wp-content\/uploads\/2017\/08\/ilos-packshot-300dpi.png 1470w\" sizes=\"(max-width: 212px) 100vw, 212px\" \/><\/a><\/p>\n<ul>\n<li>From 2 to 5 players<\/li>\n<li>For 10 years old and older<\/li>\n<li>45 minutes<\/li>\n<li>Designer: Fr\u00e9d\u00e9ric Gu\u00e9rard<\/li>\n<li>Artist: Paul Mafayon<\/li>\n<li>Publishers: La boite de jeu &amp; Origames<\/li>\n<li>Distributor: Blackrock<\/li>\n<li>Availability: November 2017<\/li>\n<li>MRSP: 33\u20ac<\/li>\n<\/ul>\n<h2 class=\"cl\">Artworks<\/h2>\n\n\t\t<div id='gallery-3' class='gallery galleryid-204 gallery-columns-6 gallery-size-thumbnail gallery1'><script type=\"text\/javascript\">\r\n\/\/ <![CDATA[\r\n\tjQuery(document).ready(function () {\r\n\t\tjQuery(\".gallery1 a\").attr(\"rel\",\"gallery1\");\t\r\n\t\tjQuery('a[rel=\"gallery1\"]').colorbox({maxWidth:\"95%\", maxHeight:\"95%\",title: function(){ return jQuery(this).children().attr(\"alt\"); }, });\r\n\t});\r\n\/\/ ]]>\r\n<\/script>\n<figure class=\"gallery-item\">\n<div class=\"gallery-icon\">\r\n<a href=\"https:\/\/www.laboitedejeu.fr\/wp-content\/uploads\/2017\/08\/ilos-3d-300dpi-1024x576.png\" title=\"\" rel=\"gallery1\"><img src=\"https:\/\/www.laboitedejeu.fr\/wp-content\/uploads\/2017\/08\/ilos-3d-300dpi-150x150.png\" width=\"150\" height=\"150\" alt=\"Il\u00f4s vue du jeu\" \/><\/a>\r\n<\/div><figcaption class=\"gallery-caption\" id=\"caption206\"><span class=\"imagedescription\">Il\u00f4s vue du jeu<\/span><br \/>\n<\/figcaption><\/figure><figure class=\"gallery-item\">\n<div class=\"gallery-icon\">\r\n<a href=\"https:\/\/www.laboitedejeu.fr\/wp-content\/uploads\/2017\/08\/market-733x1024.png\" title=\"\" rel=\"gallery1\"><img src=\"https:\/\/www.laboitedejeu.fr\/wp-content\/uploads\/2017\/08\/market-150x150.png\" width=\"150\" height=\"150\" alt=\"\" \/><\/a>\r\n<\/div><\/figure><figure class=\"gallery-item\">\n<div class=\"gallery-icon\">\r\n<a href=\"https:\/\/www.laboitedejeu.fr\/wp-content\/uploads\/2017\/08\/building-733x1024.png\" title=\"\" rel=\"gallery1\"><img src=\"https:\/\/www.laboitedejeu.fr\/wp-content\/uploads\/2017\/08\/building-150x150.png\" width=\"150\" height=\"150\" alt=\"\" \/><\/a>\r\n<\/div><\/figure><figure class=\"gallery-item\">\n<div class=\"gallery-icon\">\r\n<a href=\"https:\/\/www.laboitedejeu.fr\/wp-content\/uploads\/2017\/08\/ship-733x1024.png\" title=\"\" rel=\"gallery1\"><img src=\"https:\/\/www.laboitedejeu.fr\/wp-content\/uploads\/2017\/08\/ship-150x150.png\" width=\"150\" height=\"150\" alt=\"\" \/><\/a>\r\n<\/div><\/figure><figure class=\"gallery-item\">\n<div class=\"gallery-icon\">\r\n<a href=\"https:\/\/www.laboitedejeu.fr\/wp-content\/uploads\/2017\/08\/tile3.png\" title=\"\" rel=\"gallery1\"><img src=\"https:\/\/www.laboitedejeu.fr\/wp-content\/uploads\/2017\/08\/tile3-150x150.png\" width=\"150\" height=\"150\" alt=\"\" \/><\/a>\r\n<\/div><\/figure>\r\n\t\t<\/div>\n\n<h2 class=\"cl\">Contents<\/h2>\n<ul>\n<li>90 Action cards<\/li>\n<li>25 Ship meeples (5 per color)<\/li>\n<li>50 Pioneer meeples (10 per color)<\/li>\n<li>20 Island tiles<\/li>\n<li>5 screens (1 per color)<\/li>\n<li>5 individual boards<\/li>\n<li>1 Market board<\/li>\n<li>8 Market tokens<\/li>\n<li>152 Resource tokens<\/li>\n<li>10 Building tokens<\/li>\n<li>6 zip bags<\/li>\n<li>1 English\/French rule book<\/li>\n<\/ul>\n<h2 class=\"cl\">Press Kit<\/h2>\n<ul>\n<li><a href=\"https:\/\/www.laboitedejeu.fr\/wp-content\/uploads\/2017\/08\/ilos-EN-inanutshell.pdf\" rel=\"lightbox\">Il\u00f4s in a nutshell<\/a><\/li>\n<li><a href=\"https:\/\/www.laboitedejeu.fr\/wp-content\/uploads\/2017\/08\/Ilos-EN-rules.pdf\" rel=\"lightbox\">Rules<\/a><\/li>\n<\/ul>\n<p>\n\t\t<div id='gallery-4' class='gallery galleryid-204 gallery-columns-6 gallery-size-thumbnail gallery1'><script type=\"text\/javascript\">\r\n\/\/ <![CDATA[\r\n\tjQuery(document).ready(function () {\r\n\t\tjQuery(\".gallery1 a\").attr(\"rel\",\"gallery1\");\t\r\n\t\tjQuery('a[rel=\"gallery1\"]').colorbox({maxWidth:\"95%\", maxHeight:\"95%\",title: function(){ return jQuery(this).children().attr(\"alt\"); }, });\r\n\t});\r\n\/\/ ]]>\r\n<\/script>\n<figure class=\"gallery-item\">\n<div class=\"gallery-icon\">\r\n<a href=\"https:\/\/www.laboitedejeu.fr\/wp-content\/uploads\/2017\/08\/Ilos-logo-300dpi-1024x697.png\" title=\"\" rel=\"gallery1\"><img src=\"https:\/\/www.laboitedejeu.fr\/wp-content\/uploads\/2017\/08\/Ilos-logo-300dpi-150x150.png\" width=\"150\" height=\"150\" alt=\"ilos logo\" \/><\/a>\r\n<\/div><figcaption class=\"gallery-caption\" id=\"caption216\"><span class=\"imagedescription\">ilos logo<\/span><br \/>\n<\/figcaption><\/figure><figure class=\"gallery-item\">\n<div class=\"gallery-icon\">\r\n<a href=\"https:\/\/www.laboitedejeu.fr\/wp-content\/uploads\/2017\/08\/ilos-packshot-300dpi-723x1024.png\" title=\"\" rel=\"gallery1\"><img src=\"https:\/\/www.laboitedejeu.fr\/wp-content\/uploads\/2017\/08\/ilos-packshot-300dpi-150x150.png\" width=\"150\" height=\"150\" alt=\"Ilos packshot 3d\" \/><\/a>\r\n<\/div><figcaption class=\"gallery-caption\" id=\"caption210\"><span class=\"imagedescription\">Ilos packshot 3d<\/span><br \/>\n<\/figcaption><\/figure><figure class=\"gallery-item\">\n<div class=\"gallery-icon\">\r\n<a href=\"https:\/\/www.laboitedejeu.fr\/wp-content\/uploads\/2017\/08\/ilos-cover-300dpi-724x1024.jpg\" title=\"\" rel=\"gallery1\"><img src=\"https:\/\/www.laboitedejeu.fr\/wp-content\/uploads\/2017\/08\/ilos-cover-300dpi-150x150.jpg\" width=\"150\" height=\"150\" alt=\"\" \/><\/a>\r\n<\/div><\/figure><figure class=\"gallery-item\">\n<div class=\"gallery-icon\">\r\n<a href=\"https:\/\/www.laboitedejeu.fr\/wp-content\/uploads\/2017\/08\/ilos-3d-300dpi-1024x576.png\" title=\"\" rel=\"gallery1\"><img src=\"https:\/\/www.laboitedejeu.fr\/wp-content\/uploads\/2017\/08\/ilos-3d-300dpi-150x150.png\" width=\"150\" height=\"150\" alt=\"Il\u00f4s vue du jeu\" \/><\/a>\r\n<\/div><figcaption class=\"gallery-caption\" id=\"caption206\"><span class=\"imagedescription\">Il\u00f4s vue du jeu<\/span><br \/>\n<\/figcaption><\/figure>\r\n\t\t<\/div>\n<\/p>","protected":false},"excerpt":{"rendered":"<p>The new archipelago of Il\u00f4s awaits you, with its virgin islands full of resources. Move your ships, build exploitations and raise the prices of the right resources to become the richest merchant! How to play? Ilo\u0302s is a game of hand of cards optimization, meeples placement and resources management. The rules are easy to learn, but the game has depth and needs strategy and tactics. The players discover the islands of the archipelago little by little, and settle to produce spices, pigments, ebony or gold. Although all the settlements are visible, the resources you&#8217;ve earned are hidden. You can increase<\/p>\n","protected":false},"author":2,"featured_media":210,"parent":0,"menu_order":0,"comment_status":"closed","ping_status":"closed","template":"","meta":[],"_links":{"self":[{"href":"https:\/\/www.laboitedejeu.fr\/en\/wp-json\/wp\/v2\/pages\/204"}],"collection":[{"href":"https:\/\/www.laboitedejeu.fr\/en\/wp-json\/wp\/v2\/pages"}],"about":[{"href":"https:\/\/www.laboitedejeu.fr\/en\/wp-json\/wp\/v2\/types\/page"}],"author":[{"embeddable":true,"href":"https:\/\/www.laboitedejeu.fr\/en\/wp-json\/wp\/v2\/users\/2"}],"replies":[{"embeddable":true,"href":"https:\/\/www.laboitedejeu.fr\/en\/wp-json\/wp\/v2\/comments?post=204"}],"version-history":[{"count":14,"href":"https:\/\/www.laboitedejeu.fr\/en\/wp-json\/wp\/v2\/pages\/204\/revisions"}],"predecessor-version":[{"id":4358,"href":"https:\/\/www.laboitedejeu.fr\/en\/wp-json\/wp\/v2\/pages\/204\/revisions\/4358"}],"wp:featuredmedia":[{"embeddable":true,"href":"https:\/\/www.laboitedejeu.fr\/en\/wp-json\/wp\/v2\/media\/210"}],"wp:attachment":[{"href":"https:\/\/www.laboitedejeu.fr\/en\/wp-json\/wp\/v2\/media?parent=204"}],"curies":[{"name":"wp","href":"https:\/\/api.w.org\/{rel}","templated":true}]}}